{"id":19,"date":"2023-01-31T19:16:33","date_gmt":"2023-01-31T22:16:33","guid":{"rendered":"https:\/\/lojanuprecinho.com.br\/?post_type=product&#038;p=19"},"modified":"2023-01-31T19:16:33","modified_gmt":"2023-01-31T22:16:33","slug":"anel-prata-topazio-sky-e-topazios-incolores","status":"publish","type":"product","link":"https:\/\/lojanuprecinho.com.br\/index.php\/produto\/anel-prata-topazio-sky-e-topazios-incolores\/","title":{"rendered":"Anel Prata Top\u00e1zio Sky e Top\u00e1zios Incolores"},"content":{"rendered":"<p class=\"description-text\">Anel Prata Top\u00e1zio Sky e Top\u00e1zios Incolores<\/p>\n<div>\n<ul class=\"description-composition\">\n<li class=\"description-composition__item\">Observa\u00e7\u00e3o:\u00a0Em decorr\u00eancia de cada monitor e por se tratar de um produto natural, a cor da pedra pode variar sutilmente da foto do site. Todas as medidas s\u00e3o aproximadas e podem variar de acordo com a produ\u00e7\u00e3o.<\/li>\n<\/ul>\n<\/div>\n<div>\n<ul class=\"description-composition\">\n<li class=\"description-composition__item\">Cole\u00e7\u00e3o:\u00a0Color Prata<\/li>\n<\/ul>\n<\/div>\n<div>\n<ul class=\"description-composition\">\n<li class=\"description-composition__item\">Garantia:\u00a012<\/li>\n<\/ul>\n<\/div>\n<div>\n<ul class=\"description-composition\">\n<li class=\"description-composition__item\">Sugest\u00e3o:\u00a0Para ela<\/li>\n<\/ul>\n<\/div>\n<div>\n<ul class=\"description-composition\">\n<li class=\"description-composition__item\">Material:\u00a0Prata<\/li>\n<\/ul>\n<\/div>\n<div>\n<ul class=\"description-composition\">\n<li class=\"description-composition__item\">C\u00f3d:\u00a0AN00052637<\/li>\n<\/ul>\n<\/div>\n<div>\n<ul class=\"description-composition\">\n<li class=\"description-composition__item\">Pedras:\u00a0Top\u00e1zio Sky<\/li>\n<\/ul>\n<\/div>\n<div>\n<ul class=\"description-composition\">\n<li class=\"description-composition__item\">Pedras:\u00a0Top\u00e1zio Incolor<\/li>\n<\/ul>\n<\/div>\n<div>\n<ul class=\"description-composition\">\n<li class=\"description-composition__item\">R\u00f3dio:\u00a0sim<\/li>\n<\/ul>\n<\/div>\n<div>\n<ul class=\"description-composition\">\n<li class=\"description-composition__item\">N\u00famero M\u00e9dio de Pedras:\u00a01 top\u00e1zio sky, 2 top\u00e1zios incolores<\/li>\n<\/ul>\n<\/div>\n","protected":false},"excerpt":{"rendered":"<p>O nome Top\u00e1zio deriva da antiga ilha &#8220;Topazios&#8221; localizada no Mar Vermelho onde acredita-se ter uma fonte de top\u00e1zios, ou ainda, deriva da palavra &#8220;Topas&#8221;, palavra do s\u00e2nscrito que significa &#8220;fogo&#8221;.<\/p>\n","protected":false},"featured_media":20,"comment_status":"open","ping_status":"closed","template":"","meta":{"om_disable_all_campaigns":false,"_mi_skip_tracking":false},"product_cat":[16],"product_tag":[],"aioseo_notices":[],"_links":{"self":[{"href":"https:\/\/lojanuprecinho.com.br\/index.php\/wp-json\/wp\/v2\/product\/19"}],"collection":[{"href":"https:\/\/lojanuprecinho.com.br\/index.php\/wp-json\/wp\/v2\/product"}],"about":[{"href":"https:\/\/lojanuprecinho.com.br\/index.php\/wp-json\/wp\/v2\/types\/product"}],"replies":[{"embeddable":true,"href":"https:\/\/lojanuprecinho.com.br\/index.php\/wp-json\/wp\/v2\/comments?post=19"}],"wp:featuredmedia":[{"embeddable":true,"href":"https:\/\/lojanuprecinho.com.br\/index.php\/wp-json\/wp\/v2\/media\/20"}],"wp:attachment":[{"href":"https:\/\/lojanuprecinho.com.br\/index.php\/wp-json\/wp\/v2\/media?parent=19"}],"wp:term":[{"taxonomy":"product_cat","embeddable":true,"href":"https:\/\/lojanuprecinho.com.br\/index.php\/wp-json\/wp\/v2\/product_cat?post=19"},{"taxonomy":"product_tag","embeddable":true,"href":"https:\/\/lojanuprecinho.com.br\/index.php\/wp-json\/wp\/v2\/product_tag?post=19"}],"curies":[{"name":"wp","href":"https:\/\/api.w.org\/{rel}","templated":true}]}}